{"id":632,"date":"2023-08-23T23:48:51","date_gmt":"2023-08-23T21:48:51","guid":{"rendered":"http:\/\/dahutsy.cluster030.hosting.ovh.net\/dahutsdulac.fr\/?page_id=632"},"modified":"2025-11-27T11:10:29","modified_gmt":"2025-11-27T10:10:29","slug":"jeunes","status":"publish","type":"page","link":"https:\/\/www.dahutsdulac.fr\/index.php\/jeunes\/","title":{"rendered":"\u00c9quipes Jeunes"},"content":{"rendered":"\t\t<div data-elementor-type=\"wp-page\" data-elementor-id=\"632\" class=\"elementor elementor-632\">\n\t\t\t\t<div class=\"elementor-element elementor-element-263ad718 e-flex e-con-boxed wpr-particle-no wpr-jarallax-no wpr-parallax-no wpr-sticky-section-no wpr-equal-height-no e-con e-parent\" data-id=\"263ad718\" data-element_type=\"container\" data-e-type=\"container\">\n\t\t\t\t\t<div class=\"e-con-inner\">\n\t\t<div class=\"elementor-element elementor-element-4cac194d e-con-full e-flex wpr-particle-no wpr-jarallax-no wpr-parallax-no wpr-sticky-section-no wpr-equal-height-no e-con e-child\" data-id=\"4cac194d\" data-element_type=\"container\" data-e-type=\"container\">\n\t\t\t\t<div class=\"elementor-element elementor-element-b6b9ea8 elementor-widget elementor-widget-image\" data-id=\"b6b9ea8\" data-element_type=\"widget\" data-e-type=\"widget\" data-widget_type=\"image.default\">\n\t\t\t\t<div class=\"elementor-widget-container\">\n\t\t\t\t\t\t\t\t\t\t\t\t\t\t\t<img decoding=\"async\" width=\"300\" height=\"140\" src=\"https:\/\/www.dahutsdulac.fr\/wp-content\/uploads\/2024\/01\/WhatsApp-Image-2023-10-22-at-8.54.32-PM-300x140.jpeg\" class=\"attachment-medium size-medium wp-image-1553\" alt=\"\" srcset=\"https:\/\/www.dahutsdulac.fr\/wp-content\/uploads\/2024\/01\/WhatsApp-Image-2023-10-22-at-8.54.32-PM-300x140.jpeg 300w, https:\/\/www.dahutsdulac.fr\/wp-content\/uploads\/2024\/01\/WhatsApp-Image-2023-10-22-at-8.54.32-PM-1024x478.jpeg 1024w, https:\/\/www.dahutsdulac.fr\/wp-content\/uploads\/2024\/01\/WhatsApp-Image-2023-10-22-at-8.54.32-PM-768x359.jpeg 768w, https:\/\/www.dahutsdulac.fr\/wp-content\/uploads\/2024\/01\/WhatsApp-Image-2023-10-22-at-8.54.32-PM-1536x717.jpeg 1536w, https:\/\/www.dahutsdulac.fr\/wp-content\/uploads\/2024\/01\/WhatsApp-Image-2023-10-22-at-8.54.32-PM.jpeg 2000w\" sizes=\"(max-width: 300px) 100vw, 300px\" \/>\t\t\t\t\t\t\t\t\t\t\t\t\t\t\t<\/div>\n\t\t\t\t<\/div>\n\t\t\t\t<div class=\"elementor-element elementor-element-678ea77 elementor-widget elementor-widget-image\" data-id=\"678ea77\" data-element_type=\"widget\" data-e-type=\"widget\" data-widget_type=\"image.default\">\n\t\t\t\t<div class=\"elementor-widget-container\">\n\t\t\t\t\t\t\t\t\t\t\t\t\t\t\t<img fetchpriority=\"high\" decoding=\"async\" width=\"300\" height=\"225\" src=\"https:\/\/www.dahutsdulac.fr\/wp-content\/uploads\/2024\/03\/WhatsApp-Image-2024-01-28-at-11.53.09-AM-300x225.jpeg\" class=\"attachment-medium size-medium wp-image-2014\" alt=\"\" srcset=\"https:\/\/www.dahutsdulac.fr\/wp-content\/uploads\/2024\/03\/WhatsApp-Image-2024-01-28-at-11.53.09-AM-300x225.jpeg 300w, https:\/\/www.dahutsdulac.fr\/wp-content\/uploads\/2024\/03\/WhatsApp-Image-2024-01-28-at-11.53.09-AM-1024x768.jpeg 1024w, https:\/\/www.dahutsdulac.fr\/wp-content\/uploads\/2024\/03\/WhatsApp-Image-2024-01-28-at-11.53.09-AM-768x576.jpeg 768w, https:\/\/www.dahutsdulac.fr\/wp-content\/uploads\/2024\/03\/WhatsApp-Image-2024-01-28-at-11.53.09-AM-1536x1152.jpeg 1536w, https:\/\/www.dahutsdulac.fr\/wp-content\/uploads\/2024\/03\/WhatsApp-Image-2024-01-28-at-11.53.09-AM.jpeg 1600w\" sizes=\"(max-width: 300px) 100vw, 300px\" \/>\t\t\t\t\t\t\t\t\t\t\t\t\t\t\t<\/div>\n\t\t\t\t<\/div>\n\t\t\t\t<div class=\"elementor-element elementor-element-2d6cd78c elementor-widget elementor-widget-image\" data-id=\"2d6cd78c\" data-element_type=\"widget\" data-e-type=\"widget\" data-widget_type=\"image.default\">\n\t\t\t\t<div class=\"elementor-widget-container\">\n\t\t\t\t\t\t\t\t\t\t\t\t\t\t\t<img decoding=\"async\" width=\"320\" height=\"240\" src=\"https:\/\/www.dahutsdulac.fr\/wp-content\/uploads\/2023\/08\/385abfa1-3e4a-4e48-bd58-f8e6f3abe7de.jpeg\" class=\"attachment-large size-large wp-image-656\" alt=\"\" srcset=\"https:\/\/www.dahutsdulac.fr\/wp-content\/uploads\/2023\/08\/385abfa1-3e4a-4e48-bd58-f8e6f3abe7de.jpeg 320w, https:\/\/www.dahutsdulac.fr\/wp-content\/uploads\/2023\/08\/385abfa1-3e4a-4e48-bd58-f8e6f3abe7de-300x225.jpeg 300w\" sizes=\"(max-width: 320px) 100vw, 320px\" \/>\t\t\t\t\t\t\t\t\t\t\t\t\t\t\t<\/div>\n\t\t\t\t<\/div>\n\t\t\t\t<div class=\"elementor-element elementor-element-6733c39 elementor-widget elementor-widget-image\" data-id=\"6733c39\" data-element_type=\"widget\" data-e-type=\"widget\" data-widget_type=\"image.default\">\n\t\t\t\t<div class=\"elementor-widget-container\">\n\t\t\t\t\t\t\t\t\t\t\t\t\t\t\t<img loading=\"lazy\" decoding=\"async\" width=\"300\" height=\"225\" src=\"https:\/\/www.dahutsdulac.fr\/wp-content\/uploads\/2024\/01\/WhatsApp-Image-2023-04-01-at-4.44.51-PM-300x225.jpg\" class=\"attachment-medium size-medium wp-image-1551\" alt=\"\" srcset=\"https:\/\/www.dahutsdulac.fr\/wp-content\/uploads\/2024\/01\/WhatsApp-Image-2023-04-01-at-4.44.51-PM-300x225.jpg 300w, https:\/\/www.dahutsdulac.fr\/wp-content\/uploads\/2024\/01\/WhatsApp-Image-2023-04-01-at-4.44.51-PM-768x576.jpg 768w, https:\/\/www.dahutsdulac.fr\/wp-content\/uploads\/2024\/01\/WhatsApp-Image-2023-04-01-at-4.44.51-PM.jpg 1024w\" sizes=\"(max-width: 300px) 100vw, 300px\" \/>\t\t\t\t\t\t\t\t\t\t\t\t\t\t\t<\/div>\n\t\t\t\t<\/div>\n\t\t\t\t<div class=\"elementor-element elementor-element-4f9bd16 elementor-widget elementor-widget-image\" data-id=\"4f9bd16\" data-element_type=\"widget\" data-e-type=\"widget\" data-widget_type=\"image.default\">\n\t\t\t\t<div class=\"elementor-widget-container\">\n\t\t\t\t\t\t\t\t\t\t\t\t\t\t\t<img loading=\"lazy\" decoding=\"async\" width=\"300\" height=\"225\" src=\"https:\/\/www.dahutsdulac.fr\/wp-content\/uploads\/2024\/03\/WhatsApp-Image-2024-01-28-at-11.53.09-AM-1-300x225.jpeg\" class=\"attachment-medium size-medium wp-image-2013\" alt=\"\" srcset=\"https:\/\/www.dahutsdulac.fr\/wp-content\/uploads\/2024\/03\/WhatsApp-Image-2024-01-28-at-11.53.09-AM-1-300x225.jpeg 300w, https:\/\/www.dahutsdulac.fr\/wp-content\/uploads\/2024\/03\/WhatsApp-Image-2024-01-28-at-11.53.09-AM-1-1024x768.jpeg 1024w, https:\/\/www.dahutsdulac.fr\/wp-content\/uploads\/2024\/03\/WhatsApp-Image-2024-01-28-at-11.53.09-AM-1-768x576.jpeg 768w, https:\/\/www.dahutsdulac.fr\/wp-content\/uploads\/2024\/03\/WhatsApp-Image-2024-01-28-at-11.53.09-AM-1-1536x1152.jpeg 1536w, https:\/\/www.dahutsdulac.fr\/wp-content\/uploads\/2024\/03\/WhatsApp-Image-2024-01-28-at-11.53.09-AM-1.jpeg 1600w\" sizes=\"(max-width: 300px) 100vw, 300px\" \/>\t\t\t\t\t\t\t\t\t\t\t\t\t\t\t<\/div>\n\t\t\t\t<\/div>\n\t\t\t\t<\/div>\n\t\t<div class=\"elementor-element elementor-element-6bc61007 e-con-full e-flex wpr-particle-no wpr-jarallax-no wpr-parallax-no wpr-sticky-section-no wpr-equal-height-no e-con e-child\" data-id=\"6bc61007\" data-element_type=\"container\" data-e-type=\"container\">\n\t\t\t\t<div class=\"elementor-element elementor-element-55b0ab2a elementor-widget elementor-widget-heading\" data-id=\"55b0ab2a\" data-element_type=\"widget\" data-e-type=\"widget\" data-widget_type=\"heading.default\">\n\t\t\t\t<div class=\"elementor-widget-container\">\n\t\t\t\t\t<h3 class=\"elementor-heading-title elementor-size-default\">\u00c9quipes jeunes<\/h3>\t\t\t\t<\/div>\n\t\t\t\t<\/div>\n\t\t\t\t<div class=\"elementor-element elementor-element-5b2b1c17 elementor-widget elementor-widget-text-editor\" data-id=\"5b2b1c17\" data-element_type=\"widget\" data-e-type=\"widget\" data-widget_type=\"text-editor.default\">\n\t\t\t\t<div class=\"elementor-widget-container\">\n\t\t\t\t\t\t\t\t\t<p>D\u00e8s l\u2019\u00e2ge de 7 ans, les jeunes ont la possibilit\u00e9 de se former \u00e0 la ma\u00eetrise de la crosse et de la balle et au poste de gardien de but au sein de l\u2019\u00e9cole de floorball, principalement \u00e0 travers des jeux, exercices et petits matchs.<\/p>\n<p>Les entra\u00eeneurs de cette l&rsquo;\u00e9cole de floorball sont des b\u00e9n\u00e9voles du club qui jouent au sein des \u00e9quipes seniors : ils se lib\u00e8rent pour g\u00e9rer les 6 \u00e0 8 entra\u00eenements hebdomadaires organis\u00e9s pour les jeunes.<\/p>\n<p>A partir de 9 ans en \u00e9quipe U11, et de 11 ans en \u00e9quipe U13, les joueurs et joueuses participent au mini championnat r\u00e9gional lors des week-ends de comp\u00e9tition \u00e0 Lyon, Grenoble, Besan\u00e7on, Marseille et Annecy et<\/p>\n<p>d\u00e8s l\u2019\u00e2ge de 15 ans, en \u00e9quipe U17, au championnat r\u00e9gional.<\/p>\n<p>En 13 ans, le club a form\u00e9 plus de 150 jeunes dans les diff\u00e9rentes cat\u00e9gories avec une r\u00e9pr\u00e9sentation de jeunes filles qui \u00e9tait autour de 50% des adh\u00e9rents avant l\u2019ann\u00e9e COVID, sur un total de 140. Apr\u00e8s le Covid, nous esp\u00e9rons retrouver cette belle participation \u00e0 travers la pr\u00e9sentation d&rsquo;\u00e9v\u00e9nements locaux, l&rsquo;engagement pendant ou en dehors du terrain.<\/p>\t\t\t\t\t\t\t\t<\/div>\n\t\t\t\t<\/div>\n\t\t<div class=\"elementor-element elementor-element-3c5238ae e-con-full e-flex wpr-particle-no wpr-jarallax-no wpr-parallax-no wpr-sticky-section-no wpr-equal-height-no e-con e-child\" data-id=\"3c5238ae\" data-element_type=\"container\" data-e-type=\"container\">\n\t\t\t\t<div class=\"elementor-element elementor-element-4d05fe9f elementor-widget elementor-widget-heading\" data-id=\"4d05fe9f\" data-element_type=\"widget\" data-e-type=\"widget\" data-widget_type=\"heading.default\">\n\t\t\t\t<div class=\"elementor-widget-container\">\n\t\t\t\t\t<h5 class=\"elementor-heading-title elementor-size-default\">Planning des entra\u00eenements<\/h5>\t\t\t\t<\/div>\n\t\t\t\t<\/div>\n\t\t\t\t<div class=\"elementor-element elementor-element-412ff80 elementor-widget elementor-widget-toggle\" data-id=\"412ff80\" data-element_type=\"widget\" data-e-type=\"widget\" data-widget_type=\"toggle.default\">\n\t\t\t\t<div class=\"elementor-widget-container\">\n\t\t\t\t\t\t\t<div class=\"elementor-toggle\">\n\t\t\t\t\t\t\t<div class=\"elementor-toggle-item\">\n\t\t\t\t\t<div id=\"elementor-tab-title-6831\" class=\"elementor-tab-title\" data-tab=\"1\" role=\"button\" aria-controls=\"elementor-tab-content-6831\" aria-expanded=\"false\">\n\t\t\t\t\t\t\t\t\t\t\t\t<span class=\"elementor-toggle-icon elementor-toggle-icon-left\" aria-hidden=\"true\">\n\t\t\t\t\t\t\t\t\t\t\t\t\t\t\t<span class=\"elementor-toggle-icon-closed\"><i class=\"fas fa-caret-right\"><\/i><\/span>\n\t\t\t\t\t\t\t\t<span class=\"elementor-toggle-icon-opened\"><i class=\"elementor-toggle-icon-opened fas fa-caret-up\"><\/i><\/span>\n\t\t\t\t\t\t\t\t\t\t\t\t\t<\/span>\n\t\t\t\t\t\t\t\t\t\t\t\t<a class=\"elementor-toggle-title\" tabindex=\"0\">U9 Mixte (2015-2017) 6-8 ans<\/a>\n\t\t\t\t\t<\/div>\n\n\t\t\t\t\t<div id=\"elementor-tab-content-6831\" class=\"elementor-tab-content elementor-clearfix\" data-tab=\"1\" role=\"region\" aria-labelledby=\"elementor-tab-title-6831\"><p>Jours:\u00a0 mardi et jeudi<br \/>Temps: 17.00 &#8211; 18.00h<\/p><\/div>\n\t\t\t\t<\/div>\n\t\t\t\t\t\t\t<div class=\"elementor-toggle-item\">\n\t\t\t\t\t<div id=\"elementor-tab-title-6832\" class=\"elementor-tab-title\" data-tab=\"2\" role=\"button\" aria-controls=\"elementor-tab-content-6832\" aria-expanded=\"false\">\n\t\t\t\t\t\t\t\t\t\t\t\t<span class=\"elementor-toggle-icon elementor-toggle-icon-left\" aria-hidden=\"true\">\n\t\t\t\t\t\t\t\t\t\t\t\t\t\t\t<span class=\"elementor-toggle-icon-closed\"><i class=\"fas fa-caret-right\"><\/i><\/span>\n\t\t\t\t\t\t\t\t<span class=\"elementor-toggle-icon-opened\"><i class=\"elementor-toggle-icon-opened fas fa-caret-up\"><\/i><\/span>\n\t\t\t\t\t\t\t\t\t\t\t\t\t<\/span>\n\t\t\t\t\t\t\t\t\t\t\t\t<a class=\"elementor-toggle-title\" tabindex=\"0\">U11 Filles (2013 - 2015) 8-10 ans<\/a>\n\t\t\t\t\t<\/div>\n\n\t\t\t\t\t<div id=\"elementor-tab-content-6832\" class=\"elementor-tab-content elementor-clearfix\" data-tab=\"2\" role=\"region\" aria-labelledby=\"elementor-tab-title-6832\"><p>Jours:\u00a0 mardi<br \/>Temps: 17.00 &#8211; 18.00h<\/p><\/div>\n\t\t\t\t<\/div>\n\t\t\t\t\t\t\t<div class=\"elementor-toggle-item\">\n\t\t\t\t\t<div id=\"elementor-tab-title-6833\" class=\"elementor-tab-title\" data-tab=\"3\" role=\"button\" aria-controls=\"elementor-tab-content-6833\" aria-expanded=\"false\">\n\t\t\t\t\t\t\t\t\t\t\t\t<span class=\"elementor-toggle-icon elementor-toggle-icon-left\" aria-hidden=\"true\">\n\t\t\t\t\t\t\t\t\t\t\t\t\t\t\t<span class=\"elementor-toggle-icon-closed\"><i class=\"fas fa-caret-right\"><\/i><\/span>\n\t\t\t\t\t\t\t\t<span class=\"elementor-toggle-icon-opened\"><i class=\"elementor-toggle-icon-opened fas fa-caret-up\"><\/i><\/span>\n\t\t\t\t\t\t\t\t\t\t\t\t\t<\/span>\n\t\t\t\t\t\t\t\t\t\t\t\t<a class=\"elementor-toggle-title\" tabindex=\"0\">U11 Gar\u00e7ons (2013 - 2015)  8-10 ans<\/a>\n\t\t\t\t\t<\/div>\n\n\t\t\t\t\t<div id=\"elementor-tab-content-6833\" class=\"elementor-tab-content elementor-clearfix\" data-tab=\"3\" role=\"region\" aria-labelledby=\"elementor-tab-title-6833\"><p>Jours:\u00a0 mardi<br \/>Temps: 18.00 \u2013 19.15 h<\/p>\n<p>Jours:\u00a0 jeudi<br \/>Temps: 17.00 &#8211; 18.00h<\/p><\/div>\n\t\t\t\t<\/div>\n\t\t\t\t\t\t\t<div class=\"elementor-toggle-item\">\n\t\t\t\t\t<div id=\"elementor-tab-title-6834\" class=\"elementor-tab-title\" data-tab=\"4\" role=\"button\" aria-controls=\"elementor-tab-content-6834\" aria-expanded=\"false\">\n\t\t\t\t\t\t\t\t\t\t\t\t<span class=\"elementor-toggle-icon elementor-toggle-icon-left\" aria-hidden=\"true\">\n\t\t\t\t\t\t\t\t\t\t\t\t\t\t\t<span class=\"elementor-toggle-icon-closed\"><i class=\"fas fa-caret-right\"><\/i><\/span>\n\t\t\t\t\t\t\t\t<span class=\"elementor-toggle-icon-opened\"><i class=\"elementor-toggle-icon-opened fas fa-caret-up\"><\/i><\/span>\n\t\t\t\t\t\t\t\t\t\t\t\t\t<\/span>\n\t\t\t\t\t\t\t\t\t\t\t\t<a class=\"elementor-toggle-title\" tabindex=\"0\">U13 Gar\u00e7ons (2013 - 2011) 10-12 ans <\/a>\n\t\t\t\t\t<\/div>\n\n\t\t\t\t\t<div id=\"elementor-tab-content-6834\" class=\"elementor-tab-content elementor-clearfix\" data-tab=\"4\" role=\"region\" aria-labelledby=\"elementor-tab-title-6834\"><p>Jours:\u00a0 jeudi<br \/>Temps: 18.00 \u2013 19.15 h<\/p><\/div>\n\t\t\t\t<\/div>\n\t\t\t\t\t\t\t<div class=\"elementor-toggle-item\">\n\t\t\t\t\t<div id=\"elementor-tab-title-6835\" class=\"elementor-tab-title\" data-tab=\"5\" role=\"button\" aria-controls=\"elementor-tab-content-6835\" aria-expanded=\"false\">\n\t\t\t\t\t\t\t\t\t\t\t\t<span class=\"elementor-toggle-icon elementor-toggle-icon-left\" aria-hidden=\"true\">\n\t\t\t\t\t\t\t\t\t\t\t\t\t\t\t<span class=\"elementor-toggle-icon-closed\"><i class=\"fas fa-caret-right\"><\/i><\/span>\n\t\t\t\t\t\t\t\t<span class=\"elementor-toggle-icon-opened\"><i class=\"elementor-toggle-icon-opened fas fa-caret-up\"><\/i><\/span>\n\t\t\t\t\t\t\t\t\t\t\t\t\t<\/span>\n\t\t\t\t\t\t\t\t\t\t\t\t<a class=\"elementor-toggle-title\" tabindex=\"0\">U17 Gar\u00e7ons ou Mixte  (2010-2008 ) 13-16 ans <\/a>\n\t\t\t\t\t<\/div>\n\n\t\t\t\t\t<div id=\"elementor-tab-content-6835\" class=\"elementor-tab-content elementor-clearfix\" data-tab=\"5\" role=\"region\" aria-labelledby=\"elementor-tab-title-6835\"><p>Jours:\u00a0 lundi<br \/>Temps: 18.30 \u2013 20.00 h<\/p><\/div>\n\t\t\t\t<\/div>\n\t\t\t\t\t\t\t\t<\/div>\n\t\t\t\t\t\t<\/div>\n\t\t\t\t<\/div>\n\t\t\t\t<div class=\"elementor-element elementor-element-5ef6660 elementor-widget elementor-widget-text-editor\" data-id=\"5ef6660\" data-element_type=\"widget\" data-e-type=\"widget\" data-widget_type=\"text-editor.default\">\n\t\t\t\t<div class=\"elementor-widget-container\">\n\t\t\t\t\t\t\t\t\t<p>Emplacement: complexe d\u2019animation \u00e0 S\u00e9vrier<\/p>\t\t\t\t\t\t\t\t<\/div>\n\t\t\t\t<\/div>\n\t\t\t\t<\/div>\n\t\t\t\t<\/div>\n\t\t\t\t\t<\/div>\n\t\t\t\t<\/div>\n\t\t<div class=\"elementor-element elementor-element-cefe972 e-flex e-con-boxed wpr-particle-no wpr-jarallax-no wpr-parallax-no wpr-sticky-section-no wpr-equal-height-no e-con e-parent\" data-id=\"cefe972\" data-element_type=\"container\" data-e-type=\"container\">\n\t\t\t\t\t<div class=\"e-con-inner\">\n\t\t<div class=\"elementor-element elementor-element-8c2bff5 e-con-full e-flex wpr-particle-no wpr-jarallax-no wpr-parallax-no wpr-sticky-section-no wpr-equal-height-no e-con e-child\" data-id=\"8c2bff5\" data-element_type=\"container\" data-e-type=\"container\">\n\t\t\t\t<div class=\"elementor-element elementor-element-6c2e3d5 wpr-stt-btn-align-fixed wpr-stt-btn-align-fixed-right elementor-widget elementor-widget-wpr-back-to-top\" data-id=\"6c2e3d5\" data-element_type=\"widget\" data-e-type=\"widget\" data-widget_type=\"wpr-back-to-top.default\">\n\t\t\t\t<div class=\"elementor-widget-container\">\n\t\t\t\t\t<div class=\"wpr-stt-wrapper\"><div class='wpr-stt-btn' data-settings='{&quot;animation&quot;:&quot;fade&quot;,&quot;animationOffset&quot;:&quot;0&quot;,&quot;animationDuration&quot;:&quot;200&quot;,&quot;fixed&quot;:&quot;fixed&quot;,&quot;scrolAnim&quot;:&quot;800&quot;}'><span class=\"wpr-stt-icon\"><i class=\"fas fa-chevron-up\"><\/i><\/span><\/div><\/div>\t\t\t\t<\/div>\n\t\t\t\t<\/div>\n\t\t\t\t<\/div>\n\t\t\t\t\t<\/div>\n\t\t\t\t<\/div>\n\t\t\t\t<\/div>\n\t\t","protected":false},"excerpt":{"rendered":"<p>\u00c9quipes jeunes D\u00e8s l\u2019\u00e2ge de 7 ans, les jeunes ont la possibilit\u00e9 de se former \u00e0 la ma\u00eetrise de la crosse et de la balle et au poste de gardien de but au sein de l\u2019\u00e9cole de floorball, principalement \u00e0 travers des jeux, exercices et petits matchs. Les entra\u00eeneurs de cette l&rsquo;\u00e9cole de floorball sont des b\u00e9n\u00e9voles du club qui jouent au sein des \u00e9quipes seniors : ils se lib\u00e8rent pour g\u00e9rer les 6 \u00e0 8 entra\u00eenements hebdomadaires organis\u00e9s pour les jeunes. A partir de 9 ans en \u00e9quipe U11, et de 11 ans en \u00e9quipe U13, les joueurs et joueuses participent au mini championnat r\u00e9gional lors des week-ends de comp\u00e9tition \u00e0 Lyon, Grenoble, Besan\u00e7on, Marseille et Annecy et d\u00e8s l\u2019\u00e2ge de 15 ans, en \u00e9quipe U17, au championnat r\u00e9gional. En 13 ans, le club a form\u00e9 plus de 150 jeunes dans les diff\u00e9rentes cat\u00e9gories avec une r\u00e9pr\u00e9sentation de jeunes filles qui \u00e9tait autour de 50% des adh\u00e9rents avant l\u2019ann\u00e9e COVID, sur un total de 140. Apr\u00e8s le Covid, nous esp\u00e9rons retrouver cette belle participation \u00e0 travers la pr\u00e9sentation d&rsquo;\u00e9v\u00e9nements locaux, l&rsquo;engagement pendant ou en dehors du terrain. Planning des entra\u00eenements U9 Mixte (2015-2017) 6-8 ans Jours:\u00a0 mardi et jeudiTemps: 17.00 &#8211; 18.00h U11 Filles (2013 &#8211; 2015) 8-10 ans Jours:\u00a0 mardiTemps: 17.00 &#8211; 18.00h U11 Gar\u00e7ons (2013 &#8211; 2015) 8-10 ans Jours:\u00a0 mardiTemps: 18.00 \u2013 19.15 h Jours:\u00a0 jeudiTemps: 17.00 &#8211; 18.00h U13 Gar\u00e7ons (2013 &#8211; 2011) 10-12 ans Jours:\u00a0 jeudiTemps: 18.00 \u2013 19.15 h U17 Gar\u00e7ons ou Mixte (2010-2008 ) 13-16 ans Jours:\u00a0 lundiTemps: 18.30 \u2013 20.00 h Emplacement: complexe d\u2019animation \u00e0 S\u00e9vrier<\/p>\n","protected":false},"author":2,"featured_media":0,"parent":0,"menu_order":0,"comment_status":"closed","ping_status":"closed","template":"","meta":{"neve_meta_sidebar":"","neve_meta_container":"","neve_meta_enable_content_width":"","neve_meta_content_width":0,"neve_meta_title_alignment":"","neve_meta_author_avatar":"","neve_post_elements_order":"","neve_meta_disable_header":"","neve_meta_disable_footer":"","neve_meta_disable_title":"","footnotes":""},"class_list":["post-632","page","type-page","status-publish","hentry"],"_links":{"self":[{"href":"https:\/\/www.dahutsdulac.fr\/index.php\/wp-json\/wp\/v2\/pages\/632","targetHints":{"allow":["GET"]}}],"collection":[{"href":"https:\/\/www.dahutsdulac.fr\/index.php\/wp-json\/wp\/v2\/pages"}],"about":[{"href":"https:\/\/www.dahutsdulac.fr\/index.php\/wp-json\/wp\/v2\/types\/page"}],"author":[{"embeddable":true,"href":"https:\/\/www.dahutsdulac.fr\/index.php\/wp-json\/wp\/v2\/users\/2"}],"replies":[{"embeddable":true,"href":"https:\/\/www.dahutsdulac.fr\/index.php\/wp-json\/wp\/v2\/comments?post=632"}],"version-history":[{"count":59,"href":"https:\/\/www.dahutsdulac.fr\/index.php\/wp-json\/wp\/v2\/pages\/632\/revisions"}],"predecessor-version":[{"id":2463,"href":"https:\/\/www.dahutsdulac.fr\/index.php\/wp-json\/wp\/v2\/pages\/632\/revisions\/2463"}],"wp:attachment":[{"href":"https:\/\/www.dahutsdulac.fr\/index.php\/wp-json\/wp\/v2\/media?parent=632"}],"curies":[{"name":"wp","href":"https:\/\/api.w.org\/{rel}","templated":true}]}}