{"id":120,"date":"2023-08-08T22:02:34","date_gmt":"2023-08-08T20:02:34","guid":{"rendered":"http:\/\/dahutsy.cluster030.hosting.ovh.net\/dahutsdulac.fr\/?page_id=120"},"modified":"2024-01-31T16:30:57","modified_gmt":"2024-01-31T15:30:57","slug":"quest-ce-que-le-floorball","status":"publish","type":"page","link":"https:\/\/www.dahutsdulac.fr\/index.php\/quest-ce-que-le-floorball\/","title":{"rendered":"Qu&rsquo;est-ce que le floorball ?"},"content":{"rendered":"\t\t<div data-elementor-type=\"wp-page\" data-elementor-id=\"120\" class=\"elementor elementor-120\">\n\t\t\t\t\t\t<section class=\"elementor-section elementor-top-section elementor-element elementor-element-e56a69f elementor-section-boxed elementor-section-height-default elementor-section-height-default wpr-particle-no wpr-jarallax-no wpr-parallax-no wpr-sticky-section-no wpr-equal-height-no\" data-id=\"e56a69f\" data-element_type=\"section\" data-e-type=\"section\">\n\t\t\t\t\t\t<div class=\"elementor-container elementor-column-gap-default\">\n\t\t\t\t\t<div class=\"elementor-column elementor-col-100 elementor-top-column elementor-element elementor-element-b3c1d62\" data-id=\"b3c1d62\" data-element_type=\"column\" data-e-type=\"column\">\n\t\t\t<div class=\"elementor-widget-wrap\">\n\t\t\t\t\t\t\t<\/div>\n\t\t<\/div>\n\t\t\t\t\t<\/div>\n\t\t<\/section>\n\t\t\t\t<section class=\"elementor-section elementor-top-section elementor-element elementor-element-1b53e7a elementor-section-boxed elementor-section-height-default elementor-section-height-default wpr-particle-no wpr-jarallax-no wpr-parallax-no wpr-sticky-section-no wpr-equal-height-no\" data-id=\"1b53e7a\" data-element_type=\"section\" data-e-type=\"section\">\n\t\t\t\t\t\t<div class=\"elementor-container elementor-column-gap-default\">\n\t\t\t\t\t<div class=\"elementor-column elementor-col-50 elementor-top-column elementor-element elementor-element-a37ed61\" data-id=\"a37ed61\" data-element_type=\"column\" data-e-type=\"column\">\n\t\t\t<div class=\"elementor-widget-wrap elementor-element-populated\">\n\t\t\t\t\t\t<div class=\"elementor-element elementor-element-526b60d elementor-widget elementor-widget-heading\" data-id=\"526b60d\" data-element_type=\"widget\" data-e-type=\"widget\" data-widget_type=\"heading.default\">\n\t\t\t\t<div class=\"elementor-widget-container\">\n\t\t\t\t\t<h2 class=\"elementor-heading-title elementor-size-default\">Qu'est-ce que le floorball?<\/h2>\t\t\t\t<\/div>\n\t\t\t\t<\/div>\n\t\t\t\t<div class=\"elementor-element elementor-element-63a47d4 elementor-widget elementor-widget-spacer\" data-id=\"63a47d4\" data-element_type=\"widget\" data-e-type=\"widget\" data-widget_type=\"spacer.default\">\n\t\t\t\t<div class=\"elementor-widget-container\">\n\t\t\t\t\t\t\t<div class=\"elementor-spacer\">\n\t\t\t<div class=\"elementor-spacer-inner\"><\/div>\n\t\t<\/div>\n\t\t\t\t\t\t<\/div>\n\t\t\t\t<\/div>\n\t\t\t\t<div class=\"elementor-element elementor-element-ff14d33 elementor-widget elementor-widget-image\" data-id=\"ff14d33\" data-element_type=\"widget\" data-e-type=\"widget\" data-widget_type=\"image.default\">\n\t\t\t\t<div class=\"elementor-widget-container\">\n\t\t\t\t\t\t\t\t\t\t\t\t\t\t\t<img fetchpriority=\"high\" decoding=\"async\" width=\"320\" height=\"240\" src=\"https:\/\/www.dahutsdulac.fr\/wp-content\/uploads\/2023\/08\/27cd1e94-c578-4907-8d59-4a1cff3fc39d.jpeg\" class=\"attachment-large size-large wp-image-659\" alt=\"\" srcset=\"https:\/\/www.dahutsdulac.fr\/wp-content\/uploads\/2023\/08\/27cd1e94-c578-4907-8d59-4a1cff3fc39d.jpeg 320w, https:\/\/www.dahutsdulac.fr\/wp-content\/uploads\/2023\/08\/27cd1e94-c578-4907-8d59-4a1cff3fc39d-300x225.jpeg 300w\" sizes=\"(max-width: 320px) 100vw, 320px\" \/>\t\t\t\t\t\t\t\t\t\t\t\t\t\t\t<\/div>\n\t\t\t\t<\/div>\n\t\t\t\t\t<\/div>\n\t\t<\/div>\n\t\t\t\t<div class=\"elementor-column elementor-col-50 elementor-top-column elementor-element elementor-element-7dba440\" data-id=\"7dba440\" data-element_type=\"column\" data-e-type=\"column\">\n\t\t\t<div class=\"elementor-widget-wrap elementor-element-populated\">\n\t\t\t\t\t\t<div class=\"elementor-element elementor-element-e1c02be elementor-widget elementor-widget-text-editor\" data-id=\"e1c02be\" data-element_type=\"widget\" data-e-type=\"widget\" data-widget_type=\"text-editor.default\">\n\t\t\t\t<div class=\"elementor-widget-container\">\n\t\t\t\t\t\t\t\t\t<p>Le floorball est un sport de crosse qui se pratique en salle sur un terrain de 20 m par 40 m, d\u00e9limit\u00e9 par une bordure de 50 cm de haut appel\u00e9e \u2018Rink\u2019. Les joueurs \u00e9voluent sur une seule zone, sans hors-jeu, et peuvent jouer derri\u00e8re les cages.<\/p><p>Les matchs se d\u00e9roulent en trois tiers temps de 20 minutes avec deux \u00e9quipes compos\u00e9es chacune de 5 joueurs de champ, d\u2019un gardien de but et de lignes de rempla\u00e7ants effectuant des rotations tr\u00e8s fr\u00e9quentes et illimit\u00e9es. Les joueurs \u00e9voluent en tenue de sport classique et sont \u00e9quip\u00e9s d\u2019une crosse en mati\u00e8re composite pour contr\u00f4ler une balle creuse en plastique.<\/p><p>Le floorball est actuellement dans une phase tr\u00e8s active de d\u00e9veloppement. Chaque ann\u00e9e, de nouveaux joueurs viennent enrichir ce vivier de sportifs, on compte aujourd\u2019hui en France plus de 1500 licenci\u00e9s en comp\u00e9tition et loisirs, et de nouveaux clubs se cr\u00e9ent dans les grandes villes de l\u2019hexagone.<\/p><p>Le floorball reste avant tout un sport d\u2019\u00e9quipe o\u00f9 tous les joueurs font preuve de solidarit\u00e9, d\u2019abn\u00e9gation et de respect mutuel pour le bien du collectif. L\u2019adh\u00e9sion \u00e0 ces valeurs facilite l\u2019int\u00e9gration permanente de nouveaux joueurs quel que soit leur niveau.<\/p>\t\t\t\t\t\t\t\t<\/div>\n\t\t\t\t<\/div>\n\t\t\t\t\t<\/div>\n\t\t<\/div>\n\t\t\t\t\t<\/div>\n\t\t<\/section>\n\t\t\t\t<section class=\"elementor-section elementor-top-section elementor-element elementor-element-436fede8 elementor-section-boxed elementor-section-height-default elementor-section-height-default wpr-particle-no wpr-jarallax-no wpr-parallax-no wpr-sticky-section-no wpr-equal-height-no\" data-id=\"436fede8\" data-element_type=\"section\" data-e-type=\"section\">\n\t\t\t\t\t\t<div class=\"elementor-container elementor-column-gap-default\">\n\t\t\t\t\t<div class=\"elementor-column elementor-col-100 elementor-top-column elementor-element elementor-element-a363ed0\" data-id=\"a363ed0\" data-element_type=\"column\" data-e-type=\"column\">\n\t\t\t<div class=\"elementor-widget-wrap elementor-element-populated\">\n\t\t\t\t\t\t<div class=\"elementor-element elementor-element-1c2f616c wpr-stt-btn-align-fixed wpr-stt-btn-align-fixed-right elementor-widget elementor-widget-wpr-back-to-top\" data-id=\"1c2f616c\" data-element_type=\"widget\" data-e-type=\"widget\" data-widget_type=\"wpr-back-to-top.default\">\n\t\t\t\t<div class=\"elementor-widget-container\">\n\t\t\t\t\t<div class=\"wpr-stt-wrapper\"><div class='wpr-stt-btn' data-settings='{&quot;animation&quot;:&quot;none&quot;,&quot;animationOffset&quot;:&quot;0&quot;,&quot;animationDuration&quot;:&quot;200&quot;,&quot;fixed&quot;:&quot;fixed&quot;,&quot;scrolAnim&quot;:&quot;800&quot;}'><span class=\"wpr-stt-icon\"><i class=\"fas fa-chevron-up\"><\/i><\/span><\/div><\/div>\t\t\t\t<\/div>\n\t\t\t\t<\/div>\n\t\t\t\t\t<\/div>\n\t\t<\/div>\n\t\t\t\t\t<\/div>\n\t\t<\/section>\n\t\t\t\t<\/div>\n\t\t","protected":false},"excerpt":{"rendered":"<p>Qu&rsquo;est-ce que le floorball? Le floorball est un sport de crosse qui se pratique en salle sur un terrain de 20 m par 40 m, d\u00e9limit\u00e9 par une bordure de 50 cm de haut appel\u00e9e \u2018Rink\u2019. Les joueurs \u00e9voluent sur une seule zone, sans hors-jeu, et peuvent jouer derri\u00e8re les cages. Les matchs se d\u00e9roulent en trois tiers temps de 20 minutes avec deux \u00e9quipes compos\u00e9es chacune de 5 joueurs de champ, d\u2019un gardien de but et de lignes de rempla\u00e7ants effectuant des rotations tr\u00e8s fr\u00e9quentes et illimit\u00e9es. Les joueurs \u00e9voluent en tenue de sport classique et sont \u00e9quip\u00e9s d\u2019une crosse en mati\u00e8re composite pour contr\u00f4ler une balle creuse en plastique. Le floorball est actuellement dans une phase tr\u00e8s active de d\u00e9veloppement. Chaque ann\u00e9e, de nouveaux joueurs viennent enrichir ce vivier de sportifs, on compte aujourd\u2019hui en France plus de 1500 licenci\u00e9s en comp\u00e9tition et loisirs, et de nouveaux clubs se cr\u00e9ent dans les grandes villes de l\u2019hexagone. Le floorball reste avant tout un sport d\u2019\u00e9quipe o\u00f9 tous les joueurs font preuve de solidarit\u00e9, d\u2019abn\u00e9gation et de respect mutuel pour le bien du collectif. L\u2019adh\u00e9sion \u00e0 ces valeurs facilite l\u2019int\u00e9gration permanente de nouveaux joueurs quel que soit leur niveau.<\/p>\n","protected":false},"author":2,"featured_media":0,"parent":0,"menu_order":0,"comment_status":"closed","ping_status":"closed","template":"","meta":{"neve_meta_sidebar":"","neve_meta_container":"","neve_meta_enable_content_width":"","neve_meta_content_width":0,"neve_meta_title_alignment":"","neve_meta_author_avatar":"","neve_post_elements_order":"","neve_meta_disable_header":"","neve_meta_disable_footer":"","neve_meta_disable_title":"","footnotes":""},"class_list":["post-120","page","type-page","status-publish","hentry"],"_links":{"self":[{"href":"https:\/\/www.dahutsdulac.fr\/index.php\/wp-json\/wp\/v2\/pages\/120","targetHints":{"allow":["GET"]}}],"collection":[{"href":"https:\/\/www.dahutsdulac.fr\/index.php\/wp-json\/wp\/v2\/pages"}],"about":[{"href":"https:\/\/www.dahutsdulac.fr\/index.php\/wp-json\/wp\/v2\/types\/page"}],"author":[{"embeddable":true,"href":"https:\/\/www.dahutsdulac.fr\/index.php\/wp-json\/wp\/v2\/users\/2"}],"replies":[{"embeddable":true,"href":"https:\/\/www.dahutsdulac.fr\/index.php\/wp-json\/wp\/v2\/comments?post=120"}],"version-history":[{"count":41,"href":"https:\/\/www.dahutsdulac.fr\/index.php\/wp-json\/wp\/v2\/pages\/120\/revisions"}],"predecessor-version":[{"id":1785,"href":"https:\/\/www.dahutsdulac.fr\/index.php\/wp-json\/wp\/v2\/pages\/120\/revisions\/1785"}],"wp:attachment":[{"href":"https:\/\/www.dahutsdulac.fr\/index.php\/wp-json\/wp\/v2\/media?parent=120"}],"curies":[{"name":"wp","href":"https:\/\/api.w.org\/{rel}","templated":true}]}}