{"id":1123,"date":"2024-01-11T20:52:07","date_gmt":"2024-01-11T19:52:07","guid":{"rendered":"http:\/\/dahutsy.cluster030.hosting.ovh.net\/dahutsdulac.fr\/?page_id=1123"},"modified":"2025-11-19T20:52:08","modified_gmt":"2025-11-19T19:52:08","slug":"boutique","status":"publish","type":"page","link":"https:\/\/www.dahutsdulac.fr\/index.php\/boutique\/","title":{"rendered":"Boutique"},"content":{"rendered":"\t\t<div data-elementor-type=\"wp-page\" data-elementor-id=\"1123\" class=\"elementor elementor-1123\">\n\t\t\t\t<div class=\"elementor-element elementor-element-7c81fa9 e-flex e-con-boxed wpr-particle-no wpr-jarallax-no wpr-parallax-no wpr-sticky-section-no wpr-equal-height-no e-con e-parent\" data-id=\"7c81fa9\" data-element_type=\"container\" data-e-type=\"container\">\n\t\t\t\t\t<div class=\"e-con-inner\">\n\t\t<div class=\"elementor-element elementor-element-075af92 e-flex e-con-boxed wpr-particle-no wpr-jarallax-no wpr-parallax-no wpr-sticky-section-no wpr-equal-height-no e-con e-child\" data-id=\"075af92\" data-element_type=\"container\" data-e-type=\"container\">\n\t\t\t\t\t<div class=\"e-con-inner\">\n\t\t\t\t<div class=\"elementor-element elementor-element-eb1614f elementor-widget elementor-widget-image\" data-id=\"eb1614f\" data-element_type=\"widget\" data-e-type=\"widget\" data-widget_type=\"image.default\">\n\t\t\t\t<div class=\"elementor-widget-container\">\n\t\t\t\t\t\t\t\t\t\t\t\t\t\t\t<img fetchpriority=\"high\" decoding=\"async\" width=\"500\" height=\"671\" src=\"https:\/\/www.dahutsdulac.fr\/wp-content\/uploads\/2023\/08\/6b7c4eeead11ed0fccff0ca4551a01d6e3a85f7b6e91d627eff8a596a4682403.webp\" class=\"attachment-full size-full wp-image-506\" alt=\"\" srcset=\"https:\/\/www.dahutsdulac.fr\/wp-content\/uploads\/2023\/08\/6b7c4eeead11ed0fccff0ca4551a01d6e3a85f7b6e91d627eff8a596a4682403.webp 500w, https:\/\/www.dahutsdulac.fr\/wp-content\/uploads\/2023\/08\/6b7c4eeead11ed0fccff0ca4551a01d6e3a85f7b6e91d627eff8a596a4682403-224x300.webp 224w\" sizes=\"(max-width: 500px) 100vw, 500px\" \/>\t\t\t\t\t\t\t\t\t\t\t\t\t\t\t<\/div>\n\t\t\t\t<\/div>\n\t\t\t\t\t<\/div>\n\t\t\t\t<\/div>\n\t\t<div class=\"elementor-element elementor-element-474c7e2 e-con-full e-flex wpr-particle-no wpr-jarallax-no wpr-parallax-no wpr-sticky-section-no wpr-equal-height-no e-con e-child\" data-id=\"474c7e2\" data-element_type=\"container\" data-e-type=\"container\">\n\t\t\t\t<div class=\"elementor-element elementor-element-d6cb0c2 elementor-widget elementor-widget-text-editor\" data-id=\"d6cb0c2\" data-element_type=\"widget\" data-e-type=\"widget\" data-widget_type=\"text-editor.default\">\n\t\t\t\t<div class=\"elementor-widget-container\">\n\t\t\t\t\t\t\t\t\t<h2>D\u00e9couvrez notre Boutique en Ligne<\/h2>\t\t\t\t\t\t\t\t<\/div>\n\t\t\t\t<\/div>\n\t\t\t\t<div class=\"elementor-element elementor-element-1116b11 elementor-widget elementor-widget-text-editor\" data-id=\"1116b11\" data-element_type=\"widget\" data-e-type=\"widget\" data-widget_type=\"text-editor.default\">\n\t\t\t\t<div class=\"elementor-widget-container\">\n\t\t\t\t\t\t\t\t\t<p>Plongez dans l\u2019univers captivant du club sportif Dahuts du Lac \u00e0 S\u00e9vrier avec notre toute nouvelle Boutique en Ligne. D\u00e9couvrez une gamme exclusive de produits d\u00e9riv\u00e9s mettant en avant notre logo embl\u00e9matique. Que vous soyez passionn\u00e9 de floorball, fervent supporter ou \u00e0 la recherche d\u2019articles originaux, notre boutique r\u00e9pondra \u00e0 vos attentes.<\/p>\t\t\t\t\t\t\t\t<\/div>\n\t\t\t\t<\/div>\n\t\t\t\t<div class=\"elementor-element elementor-element-51e42d8 elementor-align-left elementor-widget elementor-widget-button\" data-id=\"51e42d8\" data-element_type=\"widget\" data-e-type=\"widget\" data-widget_type=\"button.default\">\n\t\t\t\t<div class=\"elementor-widget-container\">\n\t\t\t\t\t\t\t\t\t<div class=\"elementor-button-wrapper\">\n\t\t\t\t\t<a class=\"elementor-button elementor-button-link elementor-size-sm\" href=\"https:\/\/www.helloasso.com\/associations\/les-dahuts-du-lac\/boutiques\/boutique-dahuts\" target=\"_blank\">\n\t\t\t\t\t\t<span class=\"elementor-button-content-wrapper\">\n\t\t\t\t\t\t\t\t\t<span class=\"elementor-button-text\">Voir la boutique<\/span>\n\t\t\t\t\t<\/span>\n\t\t\t\t\t<\/a>\n\t\t\t\t<\/div>\n\t\t\t\t\t\t\t\t<\/div>\n\t\t\t\t<\/div>\n\t\t\t\t<\/div>\n\t\t\t\t\t<\/div>\n\t\t\t\t<\/div>\n\t\t\t\t<\/div>\n\t\t","protected":false},"excerpt":{"rendered":"<p>D\u00e9couvrez notre Boutique en Ligne Plongez dans l\u2019univers captivant du club sportif Dahuts du Lac \u00e0 S\u00e9vrier avec notre toute nouvelle Boutique en Ligne. D\u00e9couvrez une gamme exclusive de produits d\u00e9riv\u00e9s mettant en avant notre logo embl\u00e9matique. Que vous soyez passionn\u00e9 de floorball, fervent supporter ou \u00e0 la recherche d\u2019articles originaux, notre boutique r\u00e9pondra \u00e0 vos attentes. Voir la boutique<\/p>\n","protected":false},"author":2,"featured_media":0,"parent":0,"menu_order":0,"comment_status":"closed","ping_status":"closed","template":"","meta":{"neve_meta_sidebar":"","neve_meta_container":"","neve_meta_enable_content_width":"","neve_meta_content_width":0,"neve_meta_title_alignment":"","neve_meta_author_avatar":"","neve_post_elements_order":"","neve_meta_disable_header":"","neve_meta_disable_footer":"","neve_meta_disable_title":"","footnotes":""},"class_list":["post-1123","page","type-page","status-publish","hentry"],"_links":{"self":[{"href":"https:\/\/www.dahutsdulac.fr\/index.php\/wp-json\/wp\/v2\/pages\/1123","targetHints":{"allow":["GET"]}}],"collection":[{"href":"https:\/\/www.dahutsdulac.fr\/index.php\/wp-json\/wp\/v2\/pages"}],"about":[{"href":"https:\/\/www.dahutsdulac.fr\/index.php\/wp-json\/wp\/v2\/types\/page"}],"author":[{"embeddable":true,"href":"https:\/\/www.dahutsdulac.fr\/index.php\/wp-json\/wp\/v2\/users\/2"}],"replies":[{"embeddable":true,"href":"https:\/\/www.dahutsdulac.fr\/index.php\/wp-json\/wp\/v2\/comments?post=1123"}],"version-history":[{"count":40,"href":"https:\/\/www.dahutsdulac.fr\/index.php\/wp-json\/wp\/v2\/pages\/1123\/revisions"}],"predecessor-version":[{"id":2450,"href":"https:\/\/www.dahutsdulac.fr\/index.php\/wp-json\/wp\/v2\/pages\/1123\/revisions\/2450"}],"wp:attachment":[{"href":"https:\/\/www.dahutsdulac.fr\/index.php\/wp-json\/wp\/v2\/media?parent=1123"}],"curies":[{"name":"wp","href":"https:\/\/api.w.org\/{rel}","templated":true}]}}