{"id":103,"date":"2023-08-08T21:38:16","date_gmt":"2023-08-08T19:38:16","guid":{"rendered":"http:\/\/dahutsy.cluster030.hosting.ovh.net\/dahutsdulac.fr\/?page_id=103"},"modified":"2025-11-27T11:19:47","modified_gmt":"2025-11-27T10:19:47","slug":"liens-utiles","status":"publish","type":"page","link":"https:\/\/www.dahutsdulac.fr\/index.php\/liens-utiles\/","title":{"rendered":"Liens utiles"},"content":{"rendered":"\t\t<div data-elementor-type=\"wp-page\" data-elementor-id=\"103\" class=\"elementor elementor-103\">\n\t\t\t\t<div class=\"elementor-element elementor-element-02033b5 e-flex e-con-boxed wpr-particle-no wpr-jarallax-no wpr-parallax-no wpr-sticky-section-no wpr-equal-height-no e-con e-parent\" data-id=\"02033b5\" data-element_type=\"container\" data-e-type=\"container\">\n\t\t\t\t\t<div class=\"e-con-inner\">\n\t\t\t\t<div class=\"elementor-element elementor-element-8f9bd56 wpr-feature-list-left wpr-feature-list-square elementor-widget elementor-widget-wpr-feature-list\" data-id=\"8f9bd56\" data-element_type=\"widget\" data-e-type=\"widget\" data-widget_type=\"wpr-feature-list.default\">\n\t\t\t\t<div class=\"elementor-widget-container\">\n\t\t\t\t\t<div class=\"wpr-feature-list-wrap\"><ul class=\"wpr-feature-list\"><li class=\"wpr-feature-list-item elementor-repeater-item-8c5aeeb\"><div class=\"wpr-feature-list-icon-wrap\"><span class=\"wpr-feature-list-line\"><\/span><div class=\"wpr-feature-list-icon-inner-wrap\"><img decoding=\"async\" src=\"https:\/\/www.dahutsdulac.fr\/wp-content\/uploads\/2024\/02\/Logo-France-Floorball_complet-couleur-fond-blanc.png\"><\/div><\/div><div class=\"wpr-feature-list-content-wrap\"><h2 class=\"wpr-feature-list-title\"><a class=\"wpr-feature-list-url\" href=\"http:\/\/floorball.fr\" target=\"_blank\" rel=\"nofollow\">F\u00e9d\u00e9ration fran\u00e7aise de floorball<\/a><\/h2><p class=\"wpr-feature-list-description\">http:\/\/floorball.fr<\/p><\/div><\/li><li class=\"wpr-feature-list-item elementor-repeater-item-e1464fb\"><div class=\"wpr-feature-list-icon-wrap\"><span class=\"wpr-feature-list-line\"><\/span><div class=\"wpr-feature-list-icon-inner-wrap\"><img decoding=\"async\" src=\"https:\/\/www.dahutsdulac.fr\/wp-content\/uploads\/2024\/02\/IFF-Logo-2017-1024x469.png\"><\/div><\/div><div class=\"wpr-feature-list-content-wrap\"><h2 class=\"wpr-feature-list-title\"><a class=\"wpr-feature-list-url\" href=\"https:\/\/floorball.sport\/\" target=\"_blank\" rel=\"nofollow\">F\u00e9d\u00e9ration internationale de floorball<\/a><\/h2><p class=\"wpr-feature-list-description\">https:\/\/floorball.sport\/<\/p><\/div><\/li><li class=\"wpr-feature-list-item elementor-repeater-item-a80f240\"><div class=\"wpr-feature-list-icon-wrap\"><span class=\"wpr-feature-list-line\"><\/span><div class=\"wpr-feature-list-icon-inner-wrap\"><img decoding=\"async\" src=\"https:\/\/www.dahutsdulac.fr\/wp-content\/uploads\/2024\/02\/favicon_96x96.png\"><\/div><\/div><div class=\"wpr-feature-list-content-wrap\"><h2 class=\"wpr-feature-list-title\"><a class=\"wpr-feature-list-url\" href=\"https:\/\/www.youtube.com\/channel\/UCGs680jgcMdOLUppM4-fw4A\" target=\"_blank\" rel=\"nofollow\">Diffusion de matchs<\/a><\/h2><p class=\"wpr-feature-list-description\">https:\/\/www.youtube.com\/channel\/UCGs680jgcMdOLUppM4-fw4A<\/p><\/div><\/li><li class=\"wpr-feature-list-item elementor-repeater-item-28de5c9\"><div class=\"wpr-feature-list-icon-wrap\"><span class=\"wpr-feature-list-line\"><\/span><div class=\"wpr-feature-list-icon-inner-wrap\"><img decoding=\"async\" src=\"https:\/\/www.dahutsdulac.fr\/wp-content\/uploads\/2025\/11\/Capture-decran-2025-11-27-111914.png\"><\/div><\/div><div class=\"wpr-feature-list-content-wrap\"><h2 class=\"wpr-feature-list-title\"><a class=\"wpr-feature-list-url\" href=\"https:\/\/floorballcorner.net\/\" target=\"_blank\" rel=\"nofollow\">Mat\u00e9riel de floorball<\/a><\/h2><p class=\"wpr-feature-list-description\">https:\/\/floorballcorner.net\/<\/p><\/div><\/li><li class=\"wpr-feature-list-item elementor-repeater-item-e1640c1\"><div class=\"wpr-feature-list-icon-wrap\"><span class=\"wpr-feature-list-line\"><\/span><div class=\"wpr-feature-list-icon-inner-wrap\"><img decoding=\"async\" src=\"https:\/\/www.dahutsdulac.fr\/wp-content\/uploads\/2024\/02\/Logo-France-Floorball_alphanumerique.png\"><\/div><\/div><div class=\"wpr-feature-list-content-wrap\"><h2 class=\"wpr-feature-list-title\"><a class=\"wpr-feature-list-url\" href=\"https:\/\/visu.floorball.fr\/fr\/teams;club=79\" target=\"_blank\" rel=\"nofollow\">Visu Floorball <\/a><\/h2><p class=\"wpr-feature-list-description\">https:\/\/visu.floorball.fr\/fr\/teams;club=79\n Classement, Matchs<\/p><\/div><\/li><\/ul><\/div>\t\t\t\t<\/div>\n\t\t\t\t<\/div>\n\t\t\t\t\t<\/div>\n\t\t\t\t<\/div>\n\t\t\t\t<\/div>\n\t\t","protected":false},"excerpt":{"rendered":"<p>F\u00e9d\u00e9ration fran\u00e7aise de floorball http:\/\/floorball.fr F\u00e9d\u00e9ration internationale de floorball Home Diffusion de matchs https:\/\/www.youtube.com\/channel\/UCGs680jgcMdOLUppM4-fw4A Mat\u00e9riel de floorball https:\/\/floorballcorner.net\/ Visu Floorball https:\/\/visu.floorball.fr\/fr\/teams;club=79 Classement, Matchs<\/p>\n","protected":false},"author":2,"featured_media":0,"parent":0,"menu_order":0,"comment_status":"closed","ping_status":"closed","template":"page-templates\/template-pagebuilder-full-width.php","meta":{"neve_meta_sidebar":"","neve_meta_container":"","neve_meta_enable_content_width":"","neve_meta_content_width":0,"neve_meta_title_alignment":"","neve_meta_author_avatar":"","neve_post_elements_order":"","neve_meta_disable_header":"","neve_meta_disable_footer":"","neve_meta_disable_title":"","footnotes":""},"class_list":["post-103","page","type-page","status-publish","hentry"],"_links":{"self":[{"href":"https:\/\/www.dahutsdulac.fr\/index.php\/wp-json\/wp\/v2\/pages\/103","targetHints":{"allow":["GET"]}}],"collection":[{"href":"https:\/\/www.dahutsdulac.fr\/index.php\/wp-json\/wp\/v2\/pages"}],"about":[{"href":"https:\/\/www.dahutsdulac.fr\/index.php\/wp-json\/wp\/v2\/types\/page"}],"author":[{"embeddable":true,"href":"https:\/\/www.dahutsdulac.fr\/index.php\/wp-json\/wp\/v2\/users\/2"}],"replies":[{"embeddable":true,"href":"https:\/\/www.dahutsdulac.fr\/index.php\/wp-json\/wp\/v2\/comments?post=103"}],"version-history":[{"count":68,"href":"https:\/\/www.dahutsdulac.fr\/index.php\/wp-json\/wp\/v2\/pages\/103\/revisions"}],"predecessor-version":[{"id":2473,"href":"https:\/\/www.dahutsdulac.fr\/index.php\/wp-json\/wp\/v2\/pages\/103\/revisions\/2473"}],"wp:attachment":[{"href":"https:\/\/www.dahutsdulac.fr\/index.php\/wp-json\/wp\/v2\/media?parent=103"}],"curies":[{"name":"wp","href":"https:\/\/api.w.org\/{rel}","templated":true}]}}